{"id":1690,"date":"2022-03-28T14:24:19","date_gmt":"2022-03-28T14:24:19","guid":{"rendered":"https:\/\/www.thedriversclub.it\/?page_id=1690"},"modified":"2022-03-31T09:22:46","modified_gmt":"2022-03-31T09:22:46","slug":"maserati","status":"publish","type":"page","link":"https:\/\/www.thedriversclub.it\/en\/maserati\/","title":{"rendered":"Maserati"},"content":{"rendered":"<div data-elementor-type=\"wp-page\" data-elementor-id=\"1690\" class=\"elementor elementor-1690\" data-elementor-post-type=\"page\">\n\t\t\t\t\t\t<section class=\"elementor-section elementor-top-section elementor-element elementor-element-586832a2 elementor-section-full_width elementor-section-height-default elementor-section-height-default\" data-id=\"586832a2\" data-element_type=\"section\">\n\t\t\t\t\t\t<div class=\"elementor-container elementor-column-gap-default\">\n\t\t\t\t\t<div class=\"elementor-column elementor-col-100 elementor-top-column elementor-element elementor-element-1aa55831\" data-id=\"1aa55831\" data-element_type=\"column\">\n\t\t\t<div class=\"elementor-widget-wrap elementor-element-populated\">\n\t\t\t\t\t\t<div class=\"elementor-element elementor-element-ec7e947 elementor-widget elementor-widget-image\" data-id=\"ec7e947\" data-element_type=\"widget\" data-widget_type=\"image.default\">\n\t\t\t\t<div class=\"elementor-widget-container\">\n\t\t\t\t\t\t\t\t\t\t\t\t\t\t\t<img fetchpriority=\"high\" decoding=\"async\" width=\"1920\" height=\"1080\" src=\"https:\/\/www.thedriversclub.it\/wp-content\/uploads\/2022\/03\/Maserati-cover.png\" class=\"attachment-full size-full wp-image-1693\" alt=\"\" srcset=\"https:\/\/www.thedriversclub.it\/wp-content\/uploads\/2022\/03\/Maserati-cover.png 1920w, https:\/\/www.thedriversclub.it\/wp-content\/uploads\/2022\/03\/Maserati-cover-300x169.png 300w, https:\/\/www.thedriversclub.it\/wp-content\/uploads\/2022\/03\/Maserati-cover-1024x576.png 1024w, https:\/\/www.thedriversclub.it\/wp-content\/uploads\/2022\/03\/Maserati-cover-768x432.png 768w, https:\/\/www.thedriversclub.it\/wp-content\/uploads\/2022\/03\/Maserati-cover-1536x864.png 1536w, https:\/\/www.thedriversclub.it\/wp-content\/uploads\/2022\/03\/Maserati-cover-18x10.png 18w\" sizes=\"(max-width: 1920px) 100vw, 1920px\" \/>\t\t\t\t\t\t\t\t\t\t\t\t\t\t\t<\/div>\n\t\t\t\t<\/div>\n\t\t\t\t\t<\/div>\n\t\t<\/div>\n\t\t\t\t\t<\/div>\n\t\t<\/section>\n\t\t\t\t<section class=\"elementor-section elementor-top-section elementor-element elementor-element-397f2771 elementor-section-boxed elementor-section-height-default elementor-section-height-default\" data-id=\"397f2771\" data-element_type=\"section\">\n\t\t\t\t\t\t<div class=\"elementor-container elementor-column-gap-default\">\n\t\t\t\t\t<div class=\"elementor-column elementor-col-100 elementor-top-column elementor-element elementor-element-1fa4b819\" data-id=\"1fa4b819\" data-element_type=\"column\">\n\t\t\t<div class=\"elementor-widget-wrap elementor-element-populated\">\n\t\t\t\t\t\t<div class=\"elementor-element elementor-element-2995110e elementor-widget elementor-widget-heading\" data-id=\"2995110e\" data-element_type=\"widget\" data-widget_type=\"heading.default\">\n\t\t\t\t<div class=\"elementor-widget-container\">\n\t\t\t\t\t<h2 class=\"elementor-heading-title elementor-size-default\">Historical Maserati; discover how the past lends a hand to the future<\/h2>\t\t\t\t<\/div>\n\t\t\t\t<\/div>\n\t\t\t\t\t<\/div>\n\t\t<\/div>\n\t\t\t\t\t<\/div>\n\t\t<\/section>\n\t\t\t\t<section class=\"elementor-section elementor-top-section elementor-element elementor-element-5c1f9c7 elementor-section-boxed elementor-section-height-default elementor-section-height-default\" data-id=\"5c1f9c7\" data-element_type=\"section\">\n\t\t\t\t\t\t<div class=\"elementor-container elementor-column-gap-default\">\n\t\t\t\t\t<div class=\"elementor-column elementor-col-100 elementor-top-column elementor-element elementor-element-4c850681\" data-id=\"4c850681\" data-element_type=\"column\">\n\t\t\t<div class=\"elementor-widget-wrap elementor-element-populated\">\n\t\t\t\t\t\t<div class=\"elementor-element elementor-element-5b028331 elementor-widget elementor-widget-text-editor\" data-id=\"5b028331\" data-element_type=\"widget\" data-widget_type=\"text-editor.default\">\n\t\t\t\t<div class=\"elementor-widget-container\">\n\t\t\t\t\t\t\t\t\t<p class=\"p1\">The Modena-based Company started an authenticity certification service reserved for cars produced up to twenty years ago. The Maserati Classiche department also manufactures components that are no longer in production<\/p>\t\t\t\t\t\t\t\t<\/div>\n\t\t\t\t<\/div>\n\t\t\t\t\t<\/div>\n\t\t<\/div>\n\t\t\t\t\t<\/div>\n\t\t<\/section>\n\t\t\t\t<section class=\"elementor-section elementor-top-section elementor-element elementor-element-276c2c2 elementor-section-boxed elementor-section-height-default elementor-section-height-default\" data-id=\"276c2c2\" data-element_type=\"section\">\n\t\t\t\t\t\t<div class=\"elementor-container elementor-column-gap-default\">\n\t\t\t\t\t<div class=\"elementor-column elementor-col-100 elementor-top-column elementor-element elementor-element-7b20de63\" data-id=\"7b20de63\" data-element_type=\"column\">\n\t\t\t<div class=\"elementor-widget-wrap elementor-element-populated\">\n\t\t\t\t\t\t<div class=\"elementor-element elementor-element-df76aab elementor-widget elementor-widget-text-editor\" data-id=\"df76aab\" data-element_type=\"widget\" data-widget_type=\"text-editor.default\">\n\t\t\t\t<div class=\"elementor-widget-container\">\n\t\t\t\t\t\t\t\t\t<p class=\"p1 translation-block\">Humanity was always concerned on how to preserve its own species and despite questionable results, the cultural aspect of the past can serve as a future imprint. When it comes to Italy, traditions are of utmost relevance to daily life and as any many will know, in the Belpaese driving and eating are not just needs, but moments to be enjoy and behold. Also, modern history shows how in one particular area of the peninsula cars have become a symbol of virtues, beauty and performances.<\/p>\t\t\t\t\t\t\t\t<\/div>\n\t\t\t\t<\/div>\n\t\t\t\t\t<\/div>\n\t\t<\/div>\n\t\t\t\t\t<\/div>\n\t\t<\/section>\n\t\t\t\t<section class=\"elementor-section elementor-top-section elementor-element elementor-element-32e6663 elementor-section-full_width elementor-section-height-default elementor-section-height-default\" data-id=\"32e6663\" data-element_type=\"section\">\n\t\t\t\t\t\t<div class=\"elementor-container elementor-column-gap-default\">\n\t\t\t\t\t<div class=\"elementor-column elementor-col-100 elementor-top-column elementor-element elementor-element-76bbc222\" data-id=\"76bbc222\" data-element_type=\"column\">\n\t\t\t<div class=\"elementor-widget-wrap elementor-element-populated\">\n\t\t\t\t\t\t<div class=\"elementor-element elementor-element-3200210d elementor-widget elementor-widget-image\" data-id=\"3200210d\" data-element_type=\"widget\" data-widget_type=\"image.default\">\n\t\t\t\t<div class=\"elementor-widget-container\">\n\t\t\t\t\t\t\t\t\t\t\t\t\t\t\t<img decoding=\"async\" width=\"1923\" height=\"2560\" src=\"https:\/\/www.thedriversclub.it\/wp-content\/uploads\/2022\/03\/Maserati-foto-2-scaled.jpg\" class=\"attachment-full size-full wp-image-1692\" alt=\"\" srcset=\"https:\/\/www.thedriversclub.it\/wp-content\/uploads\/2022\/03\/Maserati-foto-2-scaled.jpg 1923w, https:\/\/www.thedriversclub.it\/wp-content\/uploads\/2022\/03\/Maserati-foto-2-225x300.jpg 225w, https:\/\/www.thedriversclub.it\/wp-content\/uploads\/2022\/03\/Maserati-foto-2-769x1024.jpg 769w, https:\/\/www.thedriversclub.it\/wp-content\/uploads\/2022\/03\/Maserati-foto-2-768x1022.jpg 768w, https:\/\/www.thedriversclub.it\/wp-content\/uploads\/2022\/03\/Maserati-foto-2-1154x1536.jpg 1154w, https:\/\/www.thedriversclub.it\/wp-content\/uploads\/2022\/03\/Maserati-foto-2-1539x2048.jpg 1539w, https:\/\/www.thedriversclub.it\/wp-content\/uploads\/2022\/03\/Maserati-foto-2-9x12.jpg 9w\" sizes=\"(max-width: 1923px) 100vw, 1923px\" \/>\t\t\t\t\t\t\t\t\t\t\t\t\t\t\t<\/div>\n\t\t\t\t<\/div>\n\t\t\t\t\t<\/div>\n\t\t<\/div>\n\t\t\t\t\t<\/div>\n\t\t<\/section>\n\t\t\t\t<section class=\"elementor-section elementor-top-section elementor-element elementor-element-be689ab elementor-section-boxed elementor-section-height-default elementor-section-height-default\" data-id=\"be689ab\" data-element_type=\"section\">\n\t\t\t\t\t\t<div class=\"elementor-container elementor-column-gap-default\">\n\t\t\t\t\t<div class=\"elementor-column elementor-col-100 elementor-top-column elementor-element elementor-element-142c41cc\" data-id=\"142c41cc\" data-element_type=\"column\">\n\t\t\t<div class=\"elementor-widget-wrap elementor-element-populated\">\n\t\t\t\t\t\t<div class=\"elementor-element elementor-element-44e43bf1 elementor-widget elementor-widget-text-editor\" data-id=\"44e43bf1\" data-element_type=\"widget\" data-widget_type=\"text-editor.default\">\n\t\t\t\t<div class=\"elementor-widget-container\">\n\t\t\t\t\t\t\t\t\t<p class=\"p1\">And this is definitely the story of the Emilia Romagna born Maserati; a region where the cult of conviviality at dinner tables, is on a par with the passion for engines. In the last century, amidst the natural highs and lows that often distinguish the life of a company, the Modena car maker (whose genesis must be said was in Bologna) has nurtured sporting, aesthetics and motoring tradition becoming one of the world\u2019s most iconic brands. Highlighting the company\u2019s traditions with an official \"guarantee\", is a well thought nostalgia operation providing \"added value\" to timeless classics and Maserati has decided to keep her blasts from the past alive, with a comprehensive restoration service.<\/p>\t\t\t\t\t\t\t\t<\/div>\n\t\t\t\t<\/div>\n\t\t\t\t\t<\/div>\n\t\t<\/div>\n\t\t\t\t\t<\/div>\n\t\t<\/section>\n\t\t\t\t<section class=\"elementor-section elementor-top-section elementor-element elementor-element-5a864513 elementor-section-full_width elementor-section-height-default elementor-section-height-default\" data-id=\"5a864513\" data-element_type=\"section\">\n\t\t\t\t\t\t<div class=\"elementor-container elementor-column-gap-default\">\n\t\t\t\t\t<div class=\"elementor-column elementor-col-100 elementor-top-column elementor-element elementor-element-4ba25030\" data-id=\"4ba25030\" data-element_type=\"column\">\n\t\t\t<div class=\"elementor-widget-wrap elementor-element-populated\">\n\t\t\t\t\t\t<div class=\"elementor-element elementor-element-3d997b30 elementor-widget elementor-widget-image\" data-id=\"3d997b30\" data-element_type=\"widget\" data-widget_type=\"image.default\">\n\t\t\t\t<div class=\"elementor-widget-container\">\n\t\t\t\t\t\t\t\t\t\t\t\t\t\t\t<img decoding=\"async\" width=\"2560\" height=\"1923\" src=\"https:\/\/www.thedriversclub.it\/wp-content\/uploads\/2022\/03\/Maserati-foto-3-scaled.jpg\" class=\"attachment-full size-full wp-image-1694\" alt=\"\" srcset=\"https:\/\/www.thedriversclub.it\/wp-content\/uploads\/2022\/03\/Maserati-foto-3-scaled.jpg 2560w, https:\/\/www.thedriversclub.it\/wp-content\/uploads\/2022\/03\/Maserati-foto-3-300x225.jpg 300w, https:\/\/www.thedriversclub.it\/wp-content\/uploads\/2022\/03\/Maserati-foto-3-1024x769.jpg 1024w, https:\/\/www.thedriversclub.it\/wp-content\/uploads\/2022\/03\/Maserati-foto-3-768x577.jpg 768w, https:\/\/www.thedriversclub.it\/wp-content\/uploads\/2022\/03\/Maserati-foto-3-1536x1154.jpg 1536w, https:\/\/www.thedriversclub.it\/wp-content\/uploads\/2022\/03\/Maserati-foto-3-2048x1539.jpg 2048w, https:\/\/www.thedriversclub.it\/wp-content\/uploads\/2022\/03\/Maserati-foto-3-16x12.jpg 16w\" sizes=\"(max-width: 2560px) 100vw, 2560px\" \/>\t\t\t\t\t\t\t\t\t\t\t\t\t\t\t<\/div>\n\t\t\t\t<\/div>\n\t\t\t\t\t<\/div>\n\t\t<\/div>\n\t\t\t\t\t<\/div>\n\t\t<\/section>\n\t\t\t\t<section class=\"elementor-section elementor-top-section elementor-element elementor-element-122e9c85 elementor-section-boxed elementor-section-height-default elementor-section-height-default\" data-id=\"122e9c85\" data-element_type=\"section\">\n\t\t\t\t\t\t<div class=\"elementor-container elementor-column-gap-default\">\n\t\t\t\t\t<div class=\"elementor-column elementor-col-100 elementor-top-column elementor-element elementor-element-e0c5ded\" data-id=\"e0c5ded\" data-element_type=\"column\">\n\t\t\t<div class=\"elementor-widget-wrap elementor-element-populated\">\n\t\t\t\t\t\t<div class=\"elementor-element elementor-element-6b7287f4 elementor-widget elementor-widget-text-editor\" data-id=\"6b7287f4\" data-element_type=\"widget\" data-widget_type=\"text-editor.default\">\n\t\t\t\t<div class=\"elementor-widget-container\">\n\t\t\t\t\t\t\t\t\t<p class=\"p1\">This now widespread practice among high-end manufacturers has huge commercial potential but can also be seen as an act to preserve and conserve the powerful sense of heritage that certain models evoke.<span class=\"Apple-converted-space\">\u00a0<\/span><\/p><p class=\"p1\">The Maserati authenticity certification is one of the main activities from the Maserati Classiche department where competence and knowledge, are common denominators of all the work force involved in restorations.<\/p>\t\t\t\t\t\t\t\t<\/div>\n\t\t\t\t<\/div>\n\t\t\t\t\t<\/div>\n\t\t<\/div>\n\t\t\t\t\t<\/div>\n\t\t<\/section>\n\t\t\t\t<section class=\"elementor-section elementor-top-section elementor-element elementor-element-def149c elementor-section-full_width elementor-section-height-default elementor-section-height-default\" data-id=\"def149c\" data-element_type=\"section\">\n\t\t\t\t\t\t<div class=\"elementor-container elementor-column-gap-default\">\n\t\t\t\t\t<div class=\"elementor-column elementor-col-100 elementor-top-column elementor-element elementor-element-7c507a32\" data-id=\"7c507a32\" data-element_type=\"column\">\n\t\t\t<div class=\"elementor-widget-wrap elementor-element-populated\">\n\t\t\t\t\t\t<div class=\"elementor-element elementor-element-1a29b056 elementor-widget elementor-widget-image\" data-id=\"1a29b056\" data-element_type=\"widget\" data-widget_type=\"image.default\">\n\t\t\t\t<div class=\"elementor-widget-container\">\n\t\t\t\t\t\t\t\t\t\t\t\t\t\t\t<img loading=\"lazy\" decoding=\"async\" width=\"2560\" height=\"1923\" src=\"https:\/\/www.thedriversclub.it\/wp-content\/uploads\/2022\/03\/Maserati-foto-4-scaled.jpg\" class=\"attachment-full size-full wp-image-1695\" alt=\"\" srcset=\"https:\/\/www.thedriversclub.it\/wp-content\/uploads\/2022\/03\/Maserati-foto-4-scaled.jpg 2560w, https:\/\/www.thedriversclub.it\/wp-content\/uploads\/2022\/03\/Maserati-foto-4-300x225.jpg 300w, https:\/\/www.thedriversclub.it\/wp-content\/uploads\/2022\/03\/Maserati-foto-4-1024x769.jpg 1024w, https:\/\/www.thedriversclub.it\/wp-content\/uploads\/2022\/03\/Maserati-foto-4-768x577.jpg 768w, https:\/\/www.thedriversclub.it\/wp-content\/uploads\/2022\/03\/Maserati-foto-4-1536x1154.jpg 1536w, https:\/\/www.thedriversclub.it\/wp-content\/uploads\/2022\/03\/Maserati-foto-4-2048x1539.jpg 2048w, https:\/\/www.thedriversclub.it\/wp-content\/uploads\/2022\/03\/Maserati-foto-4-16x12.jpg 16w\" sizes=\"(max-width: 2560px) 100vw, 2560px\" \/>\t\t\t\t\t\t\t\t\t\t\t\t\t\t\t<\/div>\n\t\t\t\t<\/div>\n\t\t\t\t\t<\/div>\n\t\t<\/div>\n\t\t\t\t\t<\/div>\n\t\t<\/section>\n\t\t\t\t<section class=\"elementor-section elementor-top-section elementor-element elementor-element-6f6e82c6 elementor-section-boxed elementor-section-height-default elementor-section-height-default\" data-id=\"6f6e82c6\" data-element_type=\"section\">\n\t\t\t\t\t\t<div class=\"elementor-container elementor-column-gap-default\">\n\t\t\t\t\t<div class=\"elementor-column elementor-col-100 elementor-top-column elementor-element elementor-element-1d54f9d3\" data-id=\"1d54f9d3\" data-element_type=\"column\">\n\t\t\t<div class=\"elementor-widget-wrap elementor-element-populated\">\n\t\t\t\t\t\t<div class=\"elementor-element elementor-element-63b8aa42 elementor-widget elementor-widget-text-editor\" data-id=\"63b8aa42\" data-element_type=\"widget\" data-widget_type=\"text-editor.default\">\n\t\t\t\t<div class=\"elementor-widget-container\">\n\t\t\t\t\t\t\t\t\t<p class=\"p1 translation-block\">Just like a scrupulous detective, Maserati Classiche dedicated enormous attention to every single detail of the operation and the process also compares documentation from the historical archive, in order to achieve a coherent and authentic make over. This step together with other specific checks, ensures the status of Maserati Certified hence adding further value to the model, while providing continuity to motoring traditions. Equally important is Maserati Classiche department capabilities in producing missing components and in this realm, present technologies manage to awaken memories from bygone eras, in perfect forms. Contemporary procedures and machines, thus allow Maserati to recreate components and parts, starting only from a drawing. This unique process can be applied to any Maserati model built more than twenty years ago and hence, the official certification involves both classic cars and the more and more fashionable category of youngtimers.<\/p>\t\t\t\t\t\t\t\t<\/div>\n\t\t\t\t<\/div>\n\t\t\t\t\t<\/div>\n\t\t<\/div>\n\t\t\t\t\t<\/div>\n\t\t<\/section>\n\t\t\t\t<section class=\"elementor-section elementor-top-section elementor-element elementor-element-2f126b9b elementor-section-full_width elementor-section-height-default elementor-section-height-default\" data-id=\"2f126b9b\" data-element_type=\"section\">\n\t\t\t\t\t\t<div class=\"elementor-container elementor-column-gap-default\">\n\t\t\t\t\t<div class=\"elementor-column elementor-col-100 elementor-top-column elementor-element elementor-element-70cf1e7b\" data-id=\"70cf1e7b\" data-element_type=\"column\">\n\t\t\t<div class=\"elementor-widget-wrap elementor-element-populated\">\n\t\t\t\t\t\t<div class=\"elementor-element elementor-element-4613ddf4 elementor-widget elementor-widget-image\" data-id=\"4613ddf4\" data-element_type=\"widget\" data-widget_type=\"image.default\">\n\t\t\t\t<div class=\"elementor-widget-container\">\n\t\t\t\t\t\t\t\t\t\t\t\t\t\t\t<img loading=\"lazy\" decoding=\"async\" width=\"1707\" height=\"2560\" src=\"https:\/\/www.thedriversclub.it\/wp-content\/uploads\/2022\/03\/Maserati-foto-5-scaled.jpg\" class=\"attachment-full size-full wp-image-1696\" alt=\"\" srcset=\"https:\/\/www.thedriversclub.it\/wp-content\/uploads\/2022\/03\/Maserati-foto-5-scaled.jpg 1707w, https:\/\/www.thedriversclub.it\/wp-content\/uploads\/2022\/03\/Maserati-foto-5-200x300.jpg 200w, https:\/\/www.thedriversclub.it\/wp-content\/uploads\/2022\/03\/Maserati-foto-5-683x1024.jpg 683w, https:\/\/www.thedriversclub.it\/wp-content\/uploads\/2022\/03\/Maserati-foto-5-768x1152.jpg 768w, https:\/\/www.thedriversclub.it\/wp-content\/uploads\/2022\/03\/Maserati-foto-5-1024x1536.jpg 1024w, https:\/\/www.thedriversclub.it\/wp-content\/uploads\/2022\/03\/Maserati-foto-5-1365x2048.jpg 1365w, https:\/\/www.thedriversclub.it\/wp-content\/uploads\/2022\/03\/Maserati-foto-5-8x12.jpg 8w\" sizes=\"(max-width: 1707px) 100vw, 1707px\" \/>\t\t\t\t\t\t\t\t\t\t\t\t\t\t\t<\/div>\n\t\t\t\t<\/div>\n\t\t\t\t\t<\/div>\n\t\t<\/div>\n\t\t\t\t\t<\/div>\n\t\t<\/section>\n\t\t\t\t<section class=\"elementor-section elementor-top-section elementor-element elementor-element-cf4002a elementor-section-boxed elementor-section-height-default elementor-section-height-default\" data-id=\"cf4002a\" data-element_type=\"section\">\n\t\t\t\t\t\t<div class=\"elementor-container elementor-column-gap-default\">\n\t\t\t\t\t<div class=\"elementor-column elementor-col-33 elementor-top-column elementor-element elementor-element-28665664\" data-id=\"28665664\" data-element_type=\"column\">\n\t\t\t<div class=\"elementor-widget-wrap elementor-element-populated\">\n\t\t\t\t\t\t<div class=\"elementor-element elementor-element-28601a7 elementor-widget elementor-widget-image\" data-id=\"28601a7\" data-element_type=\"widget\" data-widget_type=\"image.default\">\n\t\t\t\t<div class=\"elementor-widget-container\">\n\t\t\t\t\t\t\t\t\t\t\t\t\t\t\t<img loading=\"lazy\" decoding=\"async\" width=\"2048\" height=\"1891\" src=\"https:\/\/www.thedriversclub.it\/wp-content\/uploads\/2022\/03\/Foto-Barontini-2048x1891.jpg\" class=\"attachment-2048x2048 size-2048x2048 wp-image-1364\" alt=\"\" srcset=\"https:\/\/www.thedriversclub.it\/wp-content\/uploads\/2022\/03\/Foto-Barontini-2048x1891.jpg 2048w, https:\/\/www.thedriversclub.it\/wp-content\/uploads\/2022\/03\/Foto-Barontini-300x277.jpg 300w, https:\/\/www.thedriversclub.it\/wp-content\/uploads\/2022\/03\/Foto-Barontini-1024x945.jpg 1024w, https:\/\/www.thedriversclub.it\/wp-content\/uploads\/2022\/03\/Foto-Barontini-768x709.jpg 768w, https:\/\/www.thedriversclub.it\/wp-content\/uploads\/2022\/03\/Foto-Barontini-1536x1418.jpg 1536w, https:\/\/www.thedriversclub.it\/wp-content\/uploads\/2022\/03\/Foto-Barontini-13x12.jpg 13w\" sizes=\"(max-width: 2048px) 100vw, 2048px\" \/>\t\t\t\t\t\t\t\t\t\t\t\t\t\t\t<\/div>\n\t\t\t\t<\/div>\n\t\t\t\t\t<\/div>\n\t\t<\/div>\n\t\t\t\t<div class=\"elementor-column elementor-col-66 elementor-top-column elementor-element elementor-element-2415435b\" data-id=\"2415435b\" data-element_type=\"column\">\n\t\t\t<div class=\"elementor-widget-wrap elementor-element-populated\">\n\t\t\t\t\t\t<div class=\"elementor-element elementor-element-5c3951b9 elementor-widget elementor-widget-heading\" data-id=\"5c3951b9\" data-element_type=\"widget\" data-widget_type=\"heading.default\">\n\t\t\t\t<div class=\"elementor-widget-container\">\n\t\t\t\t\t<h2 class=\"elementor-heading-title elementor-size-default\">Francesco Barontini<\/h2>\t\t\t\t<\/div>\n\t\t\t\t<\/div>\n\t\t\t\t<div class=\"elementor-element elementor-element-3f7af17a elementor-widget elementor-widget-text-editor\" data-id=\"3f7af17a\" data-element_type=\"widget\" data-widget_type=\"text-editor.default\">\n\t\t\t\t<div class=\"elementor-widget-container\">\n\t\t\t\t\t\t\t\t\t<p>Raised with bread and engines by my engineer dad, I soon discovered true love for the four wheels and turned passion into a profession. I\u2019ve been a journalist since 2003 and I love to travel both in Italy or towards exotic destinations, preferbly on the road<\/p>\t\t\t\t\t\t\t\t<\/div>\n\t\t\t\t<\/div>\n\t\t\t\t\t<\/div>\n\t\t<\/div>\n\t\t\t\t\t<\/div>\n\t\t<\/section>\n\t\t\t\t<\/div>","protected":false},"excerpt":{"rendered":"<p>Maserati storiche: cos\u00ec torna a splendere il passato La casa modenese ha attivato un servizio che certifica l\u2019autenticit\u00e0 delle vetture del Tridente prodotte sino a vent&#8217;anni fa, realizzando anche componenti non pi\u00f9 in produzione Da sempre l&#8217;uomo si \u00e8 preoccupato di preservare la propria specie. Nonostante i risultati discutibili, l&#8217;aspetto culturale di un popolo rappresenta [&hellip;]<\/p>","protected":false},"author":1,"featured_media":0,"parent":0,"menu_order":0,"comment_status":"closed","ping_status":"closed","template":"","meta":{"_monsterinsights_skip_tracking":false,"_monsterinsights_sitenote_active":false,"_monsterinsights_sitenote_note":"","_monsterinsights_sitenote_category":0,"footnotes":""},"class_list":["post-1690","page","type-page","status-publish","hentry"],"aioseo_notices":[],"_links":{"self":[{"href":"https:\/\/www.thedriversclub.it\/en\/wp-json\/wp\/v2\/pages\/1690","targetHints":{"allow":["GET"]}}],"collection":[{"href":"https:\/\/www.thedriversclub.it\/en\/wp-json\/wp\/v2\/pages"}],"about":[{"href":"https:\/\/www.thedriversclub.it\/en\/wp-json\/wp\/v2\/types\/page"}],"author":[{"embeddable":true,"href":"https:\/\/www.thedriversclub.it\/en\/wp-json\/wp\/v2\/users\/1"}],"replies":[{"embeddable":true,"href":"https:\/\/www.thedriversclub.it\/en\/wp-json\/wp\/v2\/comments?post=1690"}],"version-history":[{"count":13,"href":"https:\/\/www.thedriversclub.it\/en\/wp-json\/wp\/v2\/pages\/1690\/revisions"}],"predecessor-version":[{"id":1755,"href":"https:\/\/www.thedriversclub.it\/en\/wp-json\/wp\/v2\/pages\/1690\/revisions\/1755"}],"wp:attachment":[{"href":"https:\/\/www.thedriversclub.it\/en\/wp-json\/wp\/v2\/media?parent=1690"}],"curies":[{"name":"wp","href":"https:\/\/api.w.org\/{rel}","templated":true}]}}