{"id":1432,"date":"2022-03-21T11:41:00","date_gmt":"2022-03-21T11:41:00","guid":{"rendered":"https:\/\/www.thedriversclub.it\/?page_id=1432"},"modified":"2022-03-31T09:19:28","modified_gmt":"2022-03-31T09:19:28","slug":"elementor-1432","status":"publish","type":"page","link":"https:\/\/www.thedriversclub.it\/en\/elementor-1432\/","title":{"rendered":"Amerigo Vespucci"},"content":{"rendered":"<div data-elementor-type=\"wp-page\" data-elementor-id=\"1432\" class=\"elementor elementor-1432\" data-elementor-post-type=\"page\">\n\t\t\t\t\t\t<section class=\"elementor-section elementor-top-section elementor-element elementor-element-33844291 elementor-section-full_width elementor-section-height-default elementor-section-height-default\" data-id=\"33844291\" data-element_type=\"section\">\n\t\t\t\t\t\t<div class=\"elementor-container elementor-column-gap-default\">\n\t\t\t\t\t<div class=\"elementor-column elementor-col-100 elementor-top-column elementor-element elementor-element-8289ec0\" data-id=\"8289ec0\" data-element_type=\"column\">\n\t\t\t<div class=\"elementor-widget-wrap elementor-element-populated\">\n\t\t\t\t\t\t<div class=\"elementor-element elementor-element-7de9023f elementor-widget elementor-widget-image\" data-id=\"7de9023f\" data-element_type=\"widget\" data-widget_type=\"image.default\">\n\t\t\t\t<div class=\"elementor-widget-container\">\n\t\t\t\t\t\t\t\t\t\t\t\t\t\t\t<img fetchpriority=\"high\" decoding=\"async\" width=\"640\" height=\"427\" src=\"https:\/\/www.thedriversclub.it\/wp-content\/uploads\/2022\/03\/vespucci-3.jpg\" class=\"attachment-full size-full wp-image-1428\" alt=\"\" srcset=\"https:\/\/www.thedriversclub.it\/wp-content\/uploads\/2022\/03\/vespucci-3.jpg 640w, https:\/\/www.thedriversclub.it\/wp-content\/uploads\/2022\/03\/vespucci-3-300x200.jpg 300w, https:\/\/www.thedriversclub.it\/wp-content\/uploads\/2022\/03\/vespucci-3-18x12.jpg 18w\" sizes=\"(max-width: 640px) 100vw, 640px\" \/>\t\t\t\t\t\t\t\t\t\t\t\t\t\t\t<\/div>\n\t\t\t\t<\/div>\n\t\t\t\t\t<\/div>\n\t\t<\/div>\n\t\t\t\t\t<\/div>\n\t\t<\/section>\n\t\t\t\t<section class=\"elementor-section elementor-top-section elementor-element elementor-element-7c32edb9 elementor-section-boxed elementor-section-height-default elementor-section-height-default\" data-id=\"7c32edb9\" data-element_type=\"section\">\n\t\t\t\t\t\t<div class=\"elementor-container elementor-column-gap-default\">\n\t\t\t\t\t<div class=\"elementor-column elementor-col-100 elementor-top-column elementor-element elementor-element-580b6842\" data-id=\"580b6842\" data-element_type=\"column\">\n\t\t\t<div class=\"elementor-widget-wrap elementor-element-populated\">\n\t\t\t\t\t\t<div class=\"elementor-element elementor-element-1e4b5a63 elementor-widget elementor-widget-heading\" data-id=\"1e4b5a63\" data-element_type=\"widget\" data-widget_type=\"heading.default\">\n\t\t\t\t<div class=\"elementor-widget-container\">\n\t\t\t\t\t<h2 class=\"elementor-heading-title elementor-size-default\">Amerigo Vespucci. The most beautiful ship in the world<\/h2>\t\t\t\t<\/div>\n\t\t\t\t<\/div>\n\t\t\t\t\t<\/div>\n\t\t<\/div>\n\t\t\t\t\t<\/div>\n\t\t<\/section>\n\t\t\t\t<section class=\"elementor-section elementor-top-section elementor-element elementor-element-65976433 elementor-section-boxed elementor-section-height-default elementor-section-height-default\" data-id=\"65976433\" data-element_type=\"section\">\n\t\t\t\t\t\t<div class=\"elementor-container elementor-column-gap-default\">\n\t\t\t\t\t<div class=\"elementor-column elementor-col-100 elementor-top-column elementor-element elementor-element-7b357b78\" data-id=\"7b357b78\" data-element_type=\"column\">\n\t\t\t<div class=\"elementor-widget-wrap elementor-element-populated\">\n\t\t\t\t\t\t<div class=\"elementor-element elementor-element-22421ebe elementor-widget elementor-widget-text-editor\" data-id=\"22421ebe\" data-element_type=\"widget\" data-widget_type=\"text-editor.default\">\n\t\t\t\t<div class=\"elementor-widget-container\">\n\t\t\t\t\t\t\t\t\t<p class=\"p1\">Pride of the Italian Navy, it is an ante-litteram example of Made in Italy intended as technical excellence and timeless beauty. It can be visited from time to time: here's where and how<\/p>\t\t\t\t\t\t\t\t<\/div>\n\t\t\t\t<\/div>\n\t\t\t\t\t<\/div>\n\t\t<\/div>\n\t\t\t\t\t<\/div>\n\t\t<\/section>\n\t\t\t\t<section class=\"elementor-section elementor-top-section elementor-element elementor-element-3bd51a36 elementor-section-boxed elementor-section-height-default elementor-section-height-default\" data-id=\"3bd51a36\" data-element_type=\"section\">\n\t\t\t\t\t\t<div class=\"elementor-container elementor-column-gap-default\">\n\t\t\t\t\t<div class=\"elementor-column elementor-col-100 elementor-top-column elementor-element elementor-element-2cdeefef\" data-id=\"2cdeefef\" data-element_type=\"column\">\n\t\t\t<div class=\"elementor-widget-wrap elementor-element-populated\">\n\t\t\t\t\t\t<div class=\"elementor-element elementor-element-102b6fc elementor-widget elementor-widget-text-editor\" data-id=\"102b6fc\" data-element_type=\"widget\" data-widget_type=\"text-editor.default\">\n\t\t\t\t<div class=\"elementor-widget-container\">\n\t\t\t\t\t\t\t\t\t<p><span style=\"font-weight: 400;\">Livorno is the city of cacciucco (a traditional fish recipe), of artist Amedeo Modigliani and a kaleidoscopic port teeming with different cultures. Drenched in history, the city strong sense of pride has shaped the thoughts of famous personalities such as Giovanni Fattori and Pietro Mascagni; who\u2019s name and legacy will be ever present on a city terrace overlooking the Tyrrhenian waters. Livorno is definitely unique also because its removed from the main Tuscan tourist routes and cannot even be considered an entertainment capital, where nearby Versilia is the master. At the same times, Livorno is also making itself known, albeit some difficulties, for its characteristic canals in the centre (called Fossi by the locals), for the precious vineyards from Bolgheri where some excellent Super Tuscans are born and for some pleasurable seaside destinations. Some of them can awake glories from the past and if the name Castiglioncello doesn\u2019t tell you anything, it would be wise to look it up before visiting.<\/span><\/p><p><span style=\"font-weight: 400;\">All of this said, there is one thing that makes Livorno world famous: the Amerigo Vespucci. This vessel belonging to the local Naval Academy, is often referred to as \"the most beautiful ship in the world\". The Vespucci, with its characteristic two-tone hull with white and blue stripes, is of course Livorno\u2019s pride and the city celebrates its every return to port. Vespucci represents Italian excellence beyond its appearance: It is an example of the mastery from Italian shipyards encompassing aesthetic taste, technical excellence and Italy\u2019s century old maritime traditions.\u00a0<\/span><\/p><p><span style=\"font-weight: 400;\">For most months of the year, the Amerigo Vespucci is far from Livorno as its role is still that of a training ship for the Academy's official students. It does return home every winter for maintenance and when the vessel is docked at Livorno\u2019s port, it is indeed possible to hop on board as visits are open to the public.<\/span><\/p>\t\t\t\t\t\t\t\t<\/div>\n\t\t\t\t<\/div>\n\t\t\t\t\t<\/div>\n\t\t<\/div>\n\t\t\t\t\t<\/div>\n\t\t<\/section>\n\t\t\t\t<section class=\"elementor-section elementor-top-section elementor-element elementor-element-6b165213 elementor-section-full_width elementor-section-height-default elementor-section-height-default\" data-id=\"6b165213\" data-element_type=\"section\">\n\t\t\t\t\t\t<div class=\"elementor-container elementor-column-gap-default\">\n\t\t\t\t\t<div class=\"elementor-column elementor-col-100 elementor-top-column elementor-element elementor-element-1c4dc1e1\" data-id=\"1c4dc1e1\" data-element_type=\"column\">\n\t\t\t<div class=\"elementor-widget-wrap elementor-element-populated\">\n\t\t\t\t\t\t<div class=\"elementor-element elementor-element-2734c3a4 elementor-widget elementor-widget-image\" data-id=\"2734c3a4\" data-element_type=\"widget\" data-widget_type=\"image.default\">\n\t\t\t\t<div class=\"elementor-widget-container\">\n\t\t\t\t\t\t\t\t\t\t\t\t\t\t\t<img decoding=\"async\" width=\"900\" height=\"600\" src=\"https:\/\/www.thedriversclub.it\/wp-content\/uploads\/2022\/03\/vespucci-2.jpeg\" class=\"attachment-full size-full wp-image-1429\" alt=\"\" srcset=\"https:\/\/www.thedriversclub.it\/wp-content\/uploads\/2022\/03\/vespucci-2.jpeg 900w, https:\/\/www.thedriversclub.it\/wp-content\/uploads\/2022\/03\/vespucci-2-300x200.jpeg 300w, https:\/\/www.thedriversclub.it\/wp-content\/uploads\/2022\/03\/vespucci-2-768x512.jpeg 768w, https:\/\/www.thedriversclub.it\/wp-content\/uploads\/2022\/03\/vespucci-2-18x12.jpeg 18w\" sizes=\"(max-width: 900px) 100vw, 900px\" \/>\t\t\t\t\t\t\t\t\t\t\t\t\t\t\t<\/div>\n\t\t\t\t<\/div>\n\t\t\t\t\t<\/div>\n\t\t<\/div>\n\t\t\t\t\t<\/div>\n\t\t<\/section>\n\t\t\t\t<section class=\"elementor-section elementor-top-section elementor-element elementor-element-71feb0e1 elementor-section-boxed elementor-section-height-default elementor-section-height-default\" data-id=\"71feb0e1\" data-element_type=\"section\">\n\t\t\t\t\t\t<div class=\"elementor-container elementor-column-gap-default\">\n\t\t\t\t\t<div class=\"elementor-column elementor-col-100 elementor-top-column elementor-element elementor-element-5e9cc063\" data-id=\"5e9cc063\" data-element_type=\"column\">\n\t\t\t<div class=\"elementor-widget-wrap elementor-element-populated\">\n\t\t\t\t\t\t<div class=\"elementor-element elementor-element-5847709d elementor-widget elementor-widget-text-editor\" data-id=\"5847709d\" data-element_type=\"widget\" data-widget_type=\"text-editor.default\">\n\t\t\t\t<div class=\"elementor-widget-container\">\n\t\t\t\t\t\t\t\t\t<p class=\"p1\"><span style=\"font-weight: 400;\">This is a unique opportunity to discover the beauty of this one-of-a-kind motor sailing ship built between 1930 and 1931 in the shipyards of Castellammare di Stabia (near Naples) and currently ranking as the oldest boat of the Italian Navy. Standing 101 meters long and 21 meters wide, the Vespucci was designed by engineer Francesco Rotundi, Lieutenant Colonel of the naval engineers and Director of the Royal shipyards that took care of the construction. The ship, which was inaugurated on 22nd February 1931 has three vertical masts: foremast, main and mizzen. All are equipped with flagpoles and square sails while the bowsprit, protruding at the bow end, is as usual tilted forward. The gilded bronze figurehead depicts Amerigo Vespucci while the other arabesques on bow and stern are made of wood covered in pure gold leaves. The ship has a tonnage of about 4,000 tons; it can reach a maximum motor speed of 10 knots (16 knots sailing) and accommodate up to 270 crew members. The ship's motto, assigned in 1978, is \"Not who begins but who perseveres\". The phrase is attributed to Leonardo da Vinci.<\/span><\/p>\t\t\t\t\t\t\t\t<\/div>\n\t\t\t\t<\/div>\n\t\t\t\t\t<\/div>\n\t\t<\/div>\n\t\t\t\t\t<\/div>\n\t\t<\/section>\n\t\t\t\t<section class=\"elementor-section elementor-top-section elementor-element elementor-element-79c3ac71 elementor-section-full_width elementor-section-height-default elementor-section-height-default\" data-id=\"79c3ac71\" data-element_type=\"section\">\n\t\t\t\t\t\t<div class=\"elementor-container elementor-column-gap-default\">\n\t\t\t\t\t<div class=\"elementor-column elementor-col-100 elementor-top-column elementor-element elementor-element-2ba26ac9\" data-id=\"2ba26ac9\" data-element_type=\"column\">\n\t\t\t<div class=\"elementor-widget-wrap elementor-element-populated\">\n\t\t\t\t\t\t<div class=\"elementor-element elementor-element-6832cc7b elementor-widget elementor-widget-image\" data-id=\"6832cc7b\" data-element_type=\"widget\" data-widget_type=\"image.default\">\n\t\t\t\t<div class=\"elementor-widget-container\">\n\t\t\t\t\t\t\t\t\t\t\t\t\t\t\t<img decoding=\"async\" width=\"990\" height=\"660\" src=\"https:\/\/www.thedriversclub.it\/wp-content\/uploads\/2022\/03\/vespucci-1.jpg\" class=\"attachment-full size-full wp-image-1430\" alt=\"\" srcset=\"https:\/\/www.thedriversclub.it\/wp-content\/uploads\/2022\/03\/vespucci-1.jpg 990w, https:\/\/www.thedriversclub.it\/wp-content\/uploads\/2022\/03\/vespucci-1-300x200.jpg 300w, https:\/\/www.thedriversclub.it\/wp-content\/uploads\/2022\/03\/vespucci-1-768x512.jpg 768w, https:\/\/www.thedriversclub.it\/wp-content\/uploads\/2022\/03\/vespucci-1-18x12.jpg 18w\" sizes=\"(max-width: 990px) 100vw, 990px\" \/>\t\t\t\t\t\t\t\t\t\t\t\t\t\t\t<\/div>\n\t\t\t\t<\/div>\n\t\t\t\t\t<\/div>\n\t\t<\/div>\n\t\t\t\t\t<\/div>\n\t\t<\/section>\n\t\t\t\t<section class=\"elementor-section elementor-top-section elementor-element elementor-element-48dc96c2 elementor-section-boxed elementor-section-height-default elementor-section-height-default\" data-id=\"48dc96c2\" data-element_type=\"section\">\n\t\t\t\t\t\t<div class=\"elementor-container elementor-column-gap-default\">\n\t\t\t\t\t<div class=\"elementor-column elementor-col-100 elementor-top-column elementor-element elementor-element-1e83919a\" data-id=\"1e83919a\" data-element_type=\"column\">\n\t\t\t<div class=\"elementor-widget-wrap elementor-element-populated\">\n\t\t\t\t\t\t<div class=\"elementor-element elementor-element-26ba54db elementor-widget elementor-widget-text-editor\" data-id=\"26ba54db\" data-element_type=\"widget\" data-widget_type=\"text-editor.default\">\n\t\t\t\t<div class=\"elementor-widget-container\">\n\t\t\t\t\t\t\t\t\t<p><span style=\"font-weight: 400;\">On top of serving as a training vessel for the Naval Academy, the Vespucci is a world famous symbol of Italy with prestigious appearances in numerous international events. Not surprising, when sailing in the Mediterranean in 1962, the Vespucci encountered the aircraft carrier USS Independence and what follows, is the flashing light message exchanged between the two legendary vessels.\nISS Independence: \"Who are you?\"\nAmerigo Vespucci: \"Training ship Amerigo Vespucci, Italian Navy\"\nISS Independence: \"You are the most beautiful ship in the world\".\nAnd so be it.<\/span><\/p><p><span style=\"font-weight: 400;\">ISS Independence: \u201cChi siete?\u201d<\/span><\/p><p><span style=\"font-weight: 400;\">Amerigo Vespucci: \u201cNave scuola Amerigo Vespucci, Marina Militare Italiana\u201d<\/span><\/p><p><span style=\"font-weight: 400;\">ISS Independence: \u201cSiete la nave pi\u00f9 bella del mondo\u201d.\u00a0<\/span><\/p><p><span style=\"font-weight: 400;\">E cos\u00ec sia.<\/span><\/p>\t\t\t\t\t\t\t\t<\/div>\n\t\t\t\t<\/div>\n\t\t\t\t\t<\/div>\n\t\t<\/div>\n\t\t\t\t\t<\/div>\n\t\t<\/section>\n\t\t\t\t<section class=\"elementor-section elementor-top-section elementor-element elementor-element-6ee91d74 elementor-section-boxed elementor-section-height-default elementor-section-height-default\" data-id=\"6ee91d74\" data-element_type=\"section\">\n\t\t\t\t\t\t<div class=\"elementor-container elementor-column-gap-default\">\n\t\t\t\t\t<div class=\"elementor-column elementor-col-33 elementor-top-column elementor-element elementor-element-3ce7485c\" data-id=\"3ce7485c\" data-element_type=\"column\">\n\t\t\t<div class=\"elementor-widget-wrap elementor-element-populated\">\n\t\t\t\t\t\t<div class=\"elementor-element elementor-element-749a5383 elementor-widget elementor-widget-image\" data-id=\"749a5383\" data-element_type=\"widget\" data-widget_type=\"image.default\">\n\t\t\t\t<div class=\"elementor-widget-container\">\n\t\t\t\t\t\t\t\t\t\t\t\t\t\t\t<img loading=\"lazy\" decoding=\"async\" width=\"2048\" height=\"1891\" src=\"https:\/\/www.thedriversclub.it\/wp-content\/uploads\/2022\/03\/Foto-Barontini-2048x1891.jpg\" class=\"attachment-2048x2048 size-2048x2048 wp-image-1364\" alt=\"\" srcset=\"https:\/\/www.thedriversclub.it\/wp-content\/uploads\/2022\/03\/Foto-Barontini-2048x1891.jpg 2048w, https:\/\/www.thedriversclub.it\/wp-content\/uploads\/2022\/03\/Foto-Barontini-300x277.jpg 300w, https:\/\/www.thedriversclub.it\/wp-content\/uploads\/2022\/03\/Foto-Barontini-1024x945.jpg 1024w, https:\/\/www.thedriversclub.it\/wp-content\/uploads\/2022\/03\/Foto-Barontini-768x709.jpg 768w, https:\/\/www.thedriversclub.it\/wp-content\/uploads\/2022\/03\/Foto-Barontini-1536x1418.jpg 1536w, https:\/\/www.thedriversclub.it\/wp-content\/uploads\/2022\/03\/Foto-Barontini-13x12.jpg 13w\" sizes=\"(max-width: 2048px) 100vw, 2048px\" \/>\t\t\t\t\t\t\t\t\t\t\t\t\t\t\t<\/div>\n\t\t\t\t<\/div>\n\t\t\t\t\t<\/div>\n\t\t<\/div>\n\t\t\t\t<div class=\"elementor-column elementor-col-66 elementor-top-column elementor-element elementor-element-e78e349\" data-id=\"e78e349\" data-element_type=\"column\">\n\t\t\t<div class=\"elementor-widget-wrap elementor-element-populated\">\n\t\t\t\t\t\t<div class=\"elementor-element elementor-element-74d7f548 elementor-widget elementor-widget-heading\" data-id=\"74d7f548\" data-element_type=\"widget\" data-widget_type=\"heading.default\">\n\t\t\t\t<div class=\"elementor-widget-container\">\n\t\t\t\t\t<h2 class=\"elementor-heading-title elementor-size-default\">Francesco Barontini<\/h2>\t\t\t\t<\/div>\n\t\t\t\t<\/div>\n\t\t\t\t<div class=\"elementor-element elementor-element-1f8d71a1 elementor-widget elementor-widget-text-editor\" data-id=\"1f8d71a1\" data-element_type=\"widget\" data-widget_type=\"text-editor.default\">\n\t\t\t\t<div class=\"elementor-widget-container\">\n\t\t\t\t\t\t\t\t\t<p>Raised with bread and engines by my engineer dad, I soon discovered true love for the four wheels and turned passion into a profession. I\u2019ve been a journalist since 2003 and I love to travel both in Italy or towards exotic destinations, preferbly on the road<\/p>\t\t\t\t\t\t\t\t<\/div>\n\t\t\t\t<\/div>\n\t\t\t\t\t<\/div>\n\t\t<\/div>\n\t\t\t\t\t<\/div>\n\t\t<\/section>\n\t\t\t\t<\/div>","protected":false},"excerpt":{"rendered":"<p>Amerigo Vespucci; La nave pi\u00f9 bella del mondo Orgoglio della Marina Militare Italiana, \u00e8 un esempio ante-litteram di Made in Italy inteso come eccellenza tecnica e bellezza senza tempo. Ogni tanto la si pu\u00f2 visitare: ecco dove e come Livorno, citt\u00e0 del cacciucco e di Amedeo Modigliani, porto di mare nel senso pi\u00f9 verace e [&hellip;]<\/p>","protected":false},"author":1,"featured_media":0,"parent":0,"menu_order":0,"comment_status":"closed","ping_status":"closed","template":"","meta":{"_monsterinsights_skip_tracking":false,"_monsterinsights_sitenote_active":false,"_monsterinsights_sitenote_note":"","_monsterinsights_sitenote_category":0,"footnotes":""},"class_list":["post-1432","page","type-page","status-publish","hentry"],"aioseo_notices":[],"_links":{"self":[{"href":"https:\/\/www.thedriversclub.it\/en\/wp-json\/wp\/v2\/pages\/1432","targetHints":{"allow":["GET"]}}],"collection":[{"href":"https:\/\/www.thedriversclub.it\/en\/wp-json\/wp\/v2\/pages"}],"about":[{"href":"https:\/\/www.thedriversclub.it\/en\/wp-json\/wp\/v2\/types\/page"}],"author":[{"embeddable":true,"href":"https:\/\/www.thedriversclub.it\/en\/wp-json\/wp\/v2\/users\/1"}],"replies":[{"embeddable":true,"href":"https:\/\/www.thedriversclub.it\/en\/wp-json\/wp\/v2\/comments?post=1432"}],"version-history":[{"count":16,"href":"https:\/\/www.thedriversclub.it\/en\/wp-json\/wp\/v2\/pages\/1432\/revisions"}],"predecessor-version":[{"id":1740,"href":"https:\/\/www.thedriversclub.it\/en\/wp-json\/wp\/v2\/pages\/1432\/revisions\/1740"}],"wp:attachment":[{"href":"https:\/\/www.thedriversclub.it\/en\/wp-json\/wp\/v2\/media?parent=1432"}],"curies":[{"name":"wp","href":"https:\/\/api.w.org\/{rel}","templated":true}]}}