{"id":1402,"date":"2022-03-21T10:31:06","date_gmt":"2022-03-21T10:31:06","guid":{"rendered":"https:\/\/www.thedriversclub.it\/?page_id=1402"},"modified":"2022-03-31T09:22:13","modified_gmt":"2022-03-31T09:22:13","slug":"kimera","status":"publish","type":"page","link":"https:\/\/www.thedriversclub.it\/en\/kimera\/","title":{"rendered":"Kimera"},"content":{"rendered":"<div data-elementor-type=\"wp-page\" data-elementor-id=\"1402\" class=\"elementor elementor-1402\" data-elementor-post-type=\"page\">\n\t\t\t\t\t\t<section class=\"elementor-section elementor-top-section elementor-element elementor-element-5072abf0 elementor-section-full_width elementor-section-height-default elementor-section-height-default\" data-id=\"5072abf0\" data-element_type=\"section\">\n\t\t\t\t\t\t<div class=\"elementor-container elementor-column-gap-default\">\n\t\t\t\t\t<div class=\"elementor-column elementor-col-100 elementor-top-column elementor-element elementor-element-6c3de9ef\" data-id=\"6c3de9ef\" data-element_type=\"column\">\n\t\t\t<div class=\"elementor-widget-wrap elementor-element-populated\">\n\t\t\t\t\t\t<div class=\"elementor-element elementor-element-62238dc7 elementor-widget elementor-widget-image\" data-id=\"62238dc7\" data-element_type=\"widget\" data-widget_type=\"image.default\">\n\t\t\t\t<div class=\"elementor-widget-container\">\n\t\t\t\t\t\t\t\t\t\t\t\t\t\t\t<img fetchpriority=\"high\" decoding=\"async\" width=\"2362\" height=\"1775\" src=\"https:\/\/www.thedriversclub.it\/wp-content\/uploads\/2022\/03\/Kimera-Copertina.jpeg\" class=\"attachment-full size-full wp-image-1388\" alt=\"\" srcset=\"https:\/\/www.thedriversclub.it\/wp-content\/uploads\/2022\/03\/Kimera-Copertina.jpeg 2362w, https:\/\/www.thedriversclub.it\/wp-content\/uploads\/2022\/03\/Kimera-Copertina-300x225.jpeg 300w, https:\/\/www.thedriversclub.it\/wp-content\/uploads\/2022\/03\/Kimera-Copertina-1024x770.jpeg 1024w, https:\/\/www.thedriversclub.it\/wp-content\/uploads\/2022\/03\/Kimera-Copertina-768x577.jpeg 768w, https:\/\/www.thedriversclub.it\/wp-content\/uploads\/2022\/03\/Kimera-Copertina-1536x1154.jpeg 1536w, https:\/\/www.thedriversclub.it\/wp-content\/uploads\/2022\/03\/Kimera-Copertina-2048x1539.jpeg 2048w, https:\/\/www.thedriversclub.it\/wp-content\/uploads\/2022\/03\/Kimera-Copertina-16x12.jpeg 16w\" sizes=\"(max-width: 2362px) 100vw, 2362px\" \/>\t\t\t\t\t\t\t\t\t\t\t\t\t\t\t<\/div>\n\t\t\t\t<\/div>\n\t\t\t\t\t<\/div>\n\t\t<\/div>\n\t\t\t\t\t<\/div>\n\t\t<\/section>\n\t\t\t\t<section class=\"elementor-section elementor-top-section elementor-element elementor-element-33e93dde elementor-section-boxed elementor-section-height-default elementor-section-height-default\" data-id=\"33e93dde\" data-element_type=\"section\">\n\t\t\t\t\t\t<div class=\"elementor-container elementor-column-gap-default\">\n\t\t\t\t\t<div class=\"elementor-column elementor-col-100 elementor-top-column elementor-element elementor-element-4c2fface\" data-id=\"4c2fface\" data-element_type=\"column\">\n\t\t\t<div class=\"elementor-widget-wrap elementor-element-populated\">\n\t\t\t\t\t\t<div class=\"elementor-element elementor-element-20e16397 elementor-widget elementor-widget-heading\" data-id=\"20e16397\" data-element_type=\"widget\" data-widget_type=\"heading.default\">\n\t\t\t\t<div class=\"elementor-widget-container\">\n\t\t\t\t\t<h2 class=\"elementor-heading-title elementor-size-default\">Kimera EVO37, a mythological restomod<\/h2>\t\t\t\t<\/div>\n\t\t\t\t<\/div>\n\t\t\t\t\t<\/div>\n\t\t<\/div>\n\t\t\t\t\t<\/div>\n\t\t<\/section>\n\t\t\t\t<section class=\"elementor-section elementor-top-section elementor-element elementor-element-4c669014 elementor-section-boxed elementor-section-height-default elementor-section-height-default\" data-id=\"4c669014\" data-element_type=\"section\">\n\t\t\t\t\t\t<div class=\"elementor-container elementor-column-gap-default\">\n\t\t\t\t\t<div class=\"elementor-column elementor-col-100 elementor-top-column elementor-element elementor-element-71abbb23\" data-id=\"71abbb23\" data-element_type=\"column\">\n\t\t\t<div class=\"elementor-widget-wrap elementor-element-populated\">\n\t\t\t\t\t\t<div class=\"elementor-element elementor-element-b18e675 elementor-widget elementor-widget-text-editor\" data-id=\"b18e675\" data-element_type=\"widget\" data-widget_type=\"text-editor.default\">\n\t\t\t\t<div class=\"elementor-widget-container\">\n\t\t\t\t\t\t\t\t\t<p class=\"p1\">The Kimera EVO37 celebrates the glorious Lancia 037, and the people that made it happen<\/p>\t\t\t\t\t\t\t\t<\/div>\n\t\t\t\t<\/div>\n\t\t\t\t\t<\/div>\n\t\t<\/div>\n\t\t\t\t\t<\/div>\n\t\t<\/section>\n\t\t\t\t<section class=\"elementor-section elementor-top-section elementor-element elementor-element-210573eb elementor-section-boxed elementor-section-height-default elementor-section-height-default\" data-id=\"210573eb\" data-element_type=\"section\">\n\t\t\t\t\t\t<div class=\"elementor-container elementor-column-gap-default\">\n\t\t\t\t\t<div class=\"elementor-column elementor-col-100 elementor-top-column elementor-element elementor-element-70dd849c\" data-id=\"70dd849c\" data-element_type=\"column\">\n\t\t\t<div class=\"elementor-widget-wrap elementor-element-populated\">\n\t\t\t\t\t\t<div class=\"elementor-element elementor-element-74c0b5bd elementor-widget elementor-widget-text-editor\" data-id=\"74c0b5bd\" data-element_type=\"widget\" data-widget_type=\"text-editor.default\">\n\t\t\t\t<div class=\"elementor-widget-container\">\n\t\t\t\t\t\t\t\t\t<p><span style=\"font-weight: 400;\">The Chimera is a latin name for a mythological animal; body of a lion, goat head, serpent tale of a goat. Monstruous figures aside, the question is how can a classic car evoke the Chimera and can it effectively juxtapose different elements to create something new. The answers are both affirmative, because following a restomod makeover, some vehicles become even more more iconic. This is certainly the case of the Kimera EVO37 shaped shape from the legendary Lancia 037: a car that has seduced enthusiasts not only for its epic Dabid and Goliath battle with the Audi Quattro, but also thanks to its technological solutions available. It was the only one that tried to counter the German all-wheel drive grip, with agility and lightness from the rear wheel drive. The longitudinal engine, centrally located, was a 4-cylinder supercharged by a volumetric compressor.<\/span><\/p><p><span style=\"font-weight: 400;\">The Kimera EVO37 technology is still similar to that of the 037, albeit taking advantage of design and built from the present days. The same designers who gave life to the 1982 car, were involved in today\u2019s the project with inputs and diagrams brimming with technical solutions adopted by the EVO37. The chassis of the 1982 Lancia 037 has been completely revised and modified through the introduction of new attachments, geometries, materials and construction procedures.<\/span><\/p>\t\t\t\t\t\t\t\t<\/div>\n\t\t\t\t<\/div>\n\t\t\t\t\t<\/div>\n\t\t<\/div>\n\t\t\t\t\t<\/div>\n\t\t<\/section>\n\t\t\t\t<section class=\"elementor-section elementor-top-section elementor-element elementor-element-353a95ed elementor-section-full_width elementor-section-height-default elementor-section-height-default\" data-id=\"353a95ed\" data-element_type=\"section\">\n\t\t\t\t\t\t<div class=\"elementor-container elementor-column-gap-default\">\n\t\t\t\t\t<div class=\"elementor-column elementor-col-100 elementor-top-column elementor-element elementor-element-29edf7af\" data-id=\"29edf7af\" data-element_type=\"column\">\n\t\t\t<div class=\"elementor-widget-wrap elementor-element-populated\">\n\t\t\t\t\t\t<div class=\"elementor-element elementor-element-5719dbea elementor-widget elementor-widget-image\" data-id=\"5719dbea\" data-element_type=\"widget\" data-widget_type=\"image.default\">\n\t\t\t\t<div class=\"elementor-widget-container\">\n\t\t\t\t\t\t\t\t\t\t\t\t\t\t\t<img decoding=\"async\" width=\"2362\" height=\"1575\" src=\"https:\/\/www.thedriversclub.it\/wp-content\/uploads\/2022\/03\/Kimera-2.jpeg\" class=\"attachment-full size-full wp-image-1390\" alt=\"\" srcset=\"https:\/\/www.thedriversclub.it\/wp-content\/uploads\/2022\/03\/Kimera-2.jpeg 2362w, https:\/\/www.thedriversclub.it\/wp-content\/uploads\/2022\/03\/Kimera-2-300x200.jpeg 300w, https:\/\/www.thedriversclub.it\/wp-content\/uploads\/2022\/03\/Kimera-2-1024x683.jpeg 1024w, https:\/\/www.thedriversclub.it\/wp-content\/uploads\/2022\/03\/Kimera-2-768x512.jpeg 768w, https:\/\/www.thedriversclub.it\/wp-content\/uploads\/2022\/03\/Kimera-2-1536x1024.jpeg 1536w, https:\/\/www.thedriversclub.it\/wp-content\/uploads\/2022\/03\/Kimera-2-2048x1366.jpeg 2048w, https:\/\/www.thedriversclub.it\/wp-content\/uploads\/2022\/03\/Kimera-2-18x12.jpeg 18w\" sizes=\"(max-width: 2362px) 100vw, 2362px\" \/>\t\t\t\t\t\t\t\t\t\t\t\t\t\t\t<\/div>\n\t\t\t\t<\/div>\n\t\t\t\t\t<\/div>\n\t\t<\/div>\n\t\t\t\t\t<\/div>\n\t\t<\/section>\n\t\t\t\t<section class=\"elementor-section elementor-top-section elementor-element elementor-element-942641b elementor-section-boxed elementor-section-height-default elementor-section-height-default\" data-id=\"942641b\" data-element_type=\"section\">\n\t\t\t\t\t\t<div class=\"elementor-container elementor-column-gap-default\">\n\t\t\t\t\t<div class=\"elementor-column elementor-col-100 elementor-top-column elementor-element elementor-element-76fa4294\" data-id=\"76fa4294\" data-element_type=\"column\">\n\t\t\t<div class=\"elementor-widget-wrap elementor-element-populated\">\n\t\t\t\t\t\t<div class=\"elementor-element elementor-element-21364c82 elementor-widget elementor-widget-text-editor\" data-id=\"21364c82\" data-element_type=\"widget\" data-widget_type=\"text-editor.default\">\n\t\t\t\t<div class=\"elementor-widget-container\">\n\t\t\t\t\t\t\t\t\t<p class=\"p1\"><span style=\"font-weight: 400;\">Just like in 1982, the donor car for the Lancia 037 Rally, is still the Beta Montecarlo. Styling is of now of course more modern and aligned to what an aspirational car should evoke inspiring car. Another key feature of this restomod success can be traced to the presence of key figures from Lancia\u2019s history like Claudio Lombardi; engineer and responsible of the engine compartment. The nostalgia operation proved to be a triumph nourishing the Kimera's pedigree and performance to achieve supercar levels of excitement. Engine displacement is equal to the last Lancia 037 Group B, while the maximum power reaches 505 HP.<\/span><\/p>\t\t\t\t\t\t\t\t<\/div>\n\t\t\t\t<\/div>\n\t\t\t\t\t<\/div>\n\t\t<\/div>\n\t\t\t\t\t<\/div>\n\t\t<\/section>\n\t\t\t\t<section class=\"elementor-section elementor-top-section elementor-element elementor-element-1f6aed33 elementor-section-boxed elementor-section-height-default elementor-section-height-default\" data-id=\"1f6aed33\" data-element_type=\"section\">\n\t\t\t\t\t\t<div class=\"elementor-container elementor-column-gap-default\">\n\t\t\t\t\t<div class=\"elementor-column elementor-col-33 elementor-top-column elementor-element elementor-element-7194e9d2\" data-id=\"7194e9d2\" data-element_type=\"column\">\n\t\t\t<div class=\"elementor-widget-wrap elementor-element-populated\">\n\t\t\t\t\t\t<div class=\"elementor-element elementor-element-f328523 elementor-widget elementor-widget-image\" data-id=\"f328523\" data-element_type=\"widget\" data-widget_type=\"image.default\">\n\t\t\t\t<div class=\"elementor-widget-container\">\n\t\t\t\t\t\t\t\t\t\t\t\t\t\t\t<img decoding=\"async\" width=\"2048\" height=\"1735\" src=\"https:\/\/www.thedriversclub.it\/wp-content\/uploads\/2022\/03\/Foto-Cesare-Cappa-2048x1735.jpg\" class=\"attachment-2048x2048 size-2048x2048 wp-image-1365\" alt=\"\" srcset=\"https:\/\/www.thedriversclub.it\/wp-content\/uploads\/2022\/03\/Foto-Cesare-Cappa-2048x1735.jpg 2048w, https:\/\/www.thedriversclub.it\/wp-content\/uploads\/2022\/03\/Foto-Cesare-Cappa-300x254.jpg 300w, https:\/\/www.thedriversclub.it\/wp-content\/uploads\/2022\/03\/Foto-Cesare-Cappa-1024x868.jpg 1024w, https:\/\/www.thedriversclub.it\/wp-content\/uploads\/2022\/03\/Foto-Cesare-Cappa-768x651.jpg 768w, https:\/\/www.thedriversclub.it\/wp-content\/uploads\/2022\/03\/Foto-Cesare-Cappa-1536x1301.jpg 1536w, https:\/\/www.thedriversclub.it\/wp-content\/uploads\/2022\/03\/Foto-Cesare-Cappa-14x12.jpg 14w\" sizes=\"(max-width: 2048px) 100vw, 2048px\" \/>\t\t\t\t\t\t\t\t\t\t\t\t\t\t\t<\/div>\n\t\t\t\t<\/div>\n\t\t\t\t\t<\/div>\n\t\t<\/div>\n\t\t\t\t<div class=\"elementor-column elementor-col-66 elementor-top-column elementor-element elementor-element-17bc70d2\" data-id=\"17bc70d2\" data-element_type=\"column\">\n\t\t\t<div class=\"elementor-widget-wrap elementor-element-populated\">\n\t\t\t\t\t\t<div class=\"elementor-element elementor-element-7c71c6df elementor-widget elementor-widget-heading\" data-id=\"7c71c6df\" data-element_type=\"widget\" data-widget_type=\"heading.default\">\n\t\t\t\t<div class=\"elementor-widget-container\">\n\t\t\t\t\t<h2 class=\"elementor-heading-title elementor-size-default\">Cesare Cappa<\/h2>\t\t\t\t<\/div>\n\t\t\t\t<\/div>\n\t\t\t\t<div class=\"elementor-element elementor-element-3c2cc955 elementor-widget elementor-widget-text-editor\" data-id=\"3c2cc955\" data-element_type=\"widget\" data-widget_type=\"text-editor.default\">\n\t\t\t\t<div class=\"elementor-widget-container\">\n\t\t\t\t\t\t\t\t\t<p>I wasn't always amidst engines but in the end, I succeeded in making the topic part of my professional career. After graduating as a mechanical engineer, I started contributing for Auto Tecnica, and subsequently fed my portfolio of collaborations with Sole 24 Ore, Messaggero and Corriere della Sera. I\u2019m responsible for car testing at monthly magazine Auto and I enjoy combining the activity of journalist and tester at the Balocco driving center.<\/p>\t\t\t\t\t\t\t\t<\/div>\n\t\t\t\t<\/div>\n\t\t\t\t\t<\/div>\n\t\t<\/div>\n\t\t\t\t\t<\/div>\n\t\t<\/section>\n\t\t\t\t<\/div>","protected":false},"excerpt":{"rendered":"<p>Kimera EVO37; un restomod mitologico La Kimera EVO37 celebra la gloriosa epopea della splendida Lancia 037 La Chimera \u00e8 un&#8217;animale mitologico; corpo di un Leone, testa di capra, coda di serpente e dato il nome \u00e8 lecito domandarsi se l&#8217;auto classica pu\u00f2 essere una Chimera e contestualmente trasporre elementi diversi, per realizzare qualcosa di nuovo. [&hellip;]<\/p>","protected":false},"author":1,"featured_media":0,"parent":0,"menu_order":0,"comment_status":"closed","ping_status":"closed","template":"","meta":{"_monsterinsights_skip_tracking":false,"_monsterinsights_sitenote_active":false,"_monsterinsights_sitenote_note":"","_monsterinsights_sitenote_category":0,"footnotes":""},"class_list":["post-1402","page","type-page","status-publish","hentry"],"aioseo_notices":[],"_links":{"self":[{"href":"https:\/\/www.thedriversclub.it\/en\/wp-json\/wp\/v2\/pages\/1402","targetHints":{"allow":["GET"]}}],"collection":[{"href":"https:\/\/www.thedriversclub.it\/en\/wp-json\/wp\/v2\/pages"}],"about":[{"href":"https:\/\/www.thedriversclub.it\/en\/wp-json\/wp\/v2\/types\/page"}],"author":[{"embeddable":true,"href":"https:\/\/www.thedriversclub.it\/en\/wp-json\/wp\/v2\/users\/1"}],"replies":[{"embeddable":true,"href":"https:\/\/www.thedriversclub.it\/en\/wp-json\/wp\/v2\/comments?post=1402"}],"version-history":[{"count":16,"href":"https:\/\/www.thedriversclub.it\/en\/wp-json\/wp\/v2\/pages\/1402\/revisions"}],"predecessor-version":[{"id":1752,"href":"https:\/\/www.thedriversclub.it\/en\/wp-json\/wp\/v2\/pages\/1402\/revisions\/1752"}],"wp:attachment":[{"href":"https:\/\/www.thedriversclub.it\/en\/wp-json\/wp\/v2\/media?parent=1402"}],"curies":[{"name":"wp","href":"https:\/\/api.w.org\/{rel}","templated":true}]}}